{"id":86,"date":"2018-08-03T08:06:05","date_gmt":"2018-08-03T08:06:05","guid":{"rendered":"https:\/\/labtechco-demo.pbminfotech.com\/?page_id=6669"},"modified":"2025-12-19T17:45:14","modified_gmt":"2025-12-19T14:45:14","slug":"hakkimizda","status":"publish","type":"page","link":"https:\/\/www.advancedkimya.com\/tr\/hakkimizda\/","title":{"rendered":"Hakk\u0131m\u0131zda"},"content":{"rendered":"<section class=\"wpb-content-wrapper\"><p>[vc_row full_width=&#8221;stretch_row&#8221; el_class=&#8221;ts-column-pad-0&#8243; css=&#8221;.vc_custom_1535171682818{padding-bottom: 50px !important;}&#8221; ts_responsive_css=&#8221;69022376|colbreak_yes|||||||||colbreak_no|||||||||colbreak_no||||||||||colbreak_no|||||||||&#8221;][vc_column width=&#8221;1\/2&#8243; css=&#8221;.vc_custom_1687781673553{padding-right: 10% !important;padding-left: 10% !important;}&#8221;]<div class=\"ts-element-heading-wrapper ts-heading-inner ts-element-align-left ts-seperator-none  vc_custom_1686840387715\"><section class=\"ts-vc_cta3-container\"><div class=\"ts-vc_general ts-vc_cta3 ts-cta3-only ts-vc_cta3-style-classic ts-vc_cta3-shape-rounded ts-vc_cta3-align-left ts-vc_cta3-color-transparent ts-vc_cta3-icon-size-md ts-vc_cta3-actions-no ts-cta3-with-desc\"><div class=\"ts-vc_cta3_content-container\"><div class=\"ts-vc_cta3-content\"><div class=\"ts-vc_cta3-content-header ts-wrap\"><div class=\"ts-vc_cta3-headers ts-wrap-cell\"><h2 class=\"ts-custom-heading \" ><strong>ADVANCED K\u0130MYA<\/strong><\/h2>\n<\/div><\/div><div class=\"ts-cta3-content-wrapper\"><p>Advanced Kimya, boya ve kaplama sekt\u00f6r\u00fcnde 10 y\u0131l\u0131 a\u015fk\u0131n tecr\u00fcbe ile konusunda uzmanla\u015fm\u0131\u015f, amac\u0131 m\u00fc\u015fterilerine en kaliteli hammaddeleri zaman\u0131nda sa\u011flayarak i\u015flerini desteklemek ve b\u00fcy\u00fcmelerine katk\u0131da bulunmakt\u0131r.<\/p><\/div><\/div><\/div><\/div><\/section><\/div> <!-- .ts-element-heading-wrapper container --> [vc_column_text]Transit ticaret alan\u0131nda kendini ispatlayan, T\u00fcrkiye\u2019nin say\u0131l\u0131 firmalar\u0131 aras\u0131nda yer alan Advanced Kimya\u2019n\u0131n toplam i\u015f hacminin %85\u2019i ihracat sat\u0131\u015flar\u0131ndan olu\u015fmaktad\u0131r. \u0130\u015f ortaklar\u0131yla her zaman \u015feffafl\u0131\u011fa dayanan bir temelde \u00e7al\u0131\u015fmakta olup, tedarik zinciri y\u00f6netimi ve lojistik s\u00fcre\u00e7lerinde en iyi uygulamalar\u0131 benimsemektedir.<\/p>\n<p>\u0130\u015f ortaklar\u0131na rekabet avantaj\u0131 kazand\u0131rmak i\u00e7in s\u00fcrekli olarak kendini geli\u015ftiren Advanced Kimya, d\u00fcnya \u00e7ap\u0131nda hammadde tedari\u011fi yaparak 5 k\u0131tada, 20 farkl\u0131 \u00fclkede m\u00fc\u015fterilerine s\u00fcrd\u00fcr\u00fclebilir hizmet vermektedir.[\/vc_column_text][\/vc_column][vc_column ts_bgcolor=&#8221;white&#8221; width=&#8221;1\/2&#8243; ts_responsive_css=&#8221;69486073|colbreak_no|||||15||||colbreak_no|||||||||colbreak_no||||||||||colbreak_no|||||||||&#8221;][vc_single_image image=&#8221;1412&#8243; img_size=&#8221;full&#8221; alignment=&#8221;center&#8221;][\/vc_column][\/vc_row][vc_row ts_bgcolor=&#8221;grey&#8221; full_width=&#8221;stretch_row&#8221;][vc_column width=&#8221;1\/2&#8243;][vc_custom_heading text=&#8221;<strong>V\u0130ZYON<\/strong>&#8221; font_container=&#8221;tag:h3|font_size:40|text_align:center&#8221; google_fonts=&#8221;font_family:League%20Spartan%3A100%2C200%2C300%2C400%2C500%2C600%2C700%2C800%2C900|font_style:900&#8243;][vc_column_text el_class=&#8221;seyyid&#8221;]<\/p>\n<p style=\"text-align: center;\">M\u00fc\u015fterilerimizin ihtiya\u00e7 duydu\u011fu kaliteli hammaddeye g\u00fcvenilir bir \u015fekilde ula\u015fmalar\u0131n\u0131 sa\u011flamak i\u00e7in sekt\u00f6rde lider bir hammadde tedarik\u00e7isi olmay\u0131 hedefliyoruz. Vizyonumuz, m\u00fc\u015fterilerimizin i\u015flerini b\u00fcy\u00fctmelerine yard\u0131mc\u0131 olmak, onlara rekabet avantaj\u0131 kazand\u0131rmak ve s\u00fcrd\u00fcr\u00fclebilir bir gelecek in\u015fa etmek \u00fczerine odaklanmaktad\u0131r.<\/p>\n<p>[\/vc_column_text][\/vc_column][vc_column width=&#8221;1\/2&#8243;][vc_custom_heading text=&#8221;<strong>M\u0130SYON<\/strong>&#8221; font_container=&#8221;tag:h3|font_size:40|text_align:center&#8221; google_fonts=&#8221;font_family:League%20Spartan%3A100%2C200%2C300%2C400%2C500%2C600%2C700%2C800%2C900|font_style:900&#8243;][vc_column_text el_class=&#8221;seyyid&#8221;]<\/p>\n<p style=\"text-align: center;\">Misyonumuz, m\u00fc\u015fterilerimize en kaliteli hammadde \u00e7\u00f6z\u00fcmlerini sunarak onlar\u0131n i\u015f s\u00fcre\u00e7lerini desteklemek ve ba\u015far\u0131lar\u0131n\u0131 art\u0131rmakt\u0131r. M\u00fc\u015fterilerimize g\u00fcvenilir, sertifikal\u0131 ve s\u00fcrd\u00fcr\u00fclebilir kaynaklardan hammadde temin etmek i\u00e7in titizlikle \u00e7al\u0131\u015f\u0131r\u0131z. M\u00fc\u015fteri memnuniyetini en \u00fcst d\u00fczeyde tutmay\u0131 ve i\u015f birli\u011fi i\u00e7inde, uzun vadeli ili\u015fkiler kurmay\u0131 \u00f6nemseriz.<\/p>\n<p style=\"text-align: center;\">G\u00fcvenilirlik, s\u00fcrd\u00fcr\u00fclebilirlik, i\u015f birli\u011fi, etik ilkeler ve s\u00fcrekli b\u00fcy\u00fcme temel de\u011ferlerimiz olup, bu vizyon, misyon ve de\u011ferler do\u011frultusunda, m\u00fc\u015fterilerimizin ba\u015far\u0131s\u0131n\u0131 desteklemek ve sekt\u00f6rde \u00f6nde gelen bir hammadde tedarik\u00e7isi olarak varl\u0131\u011f\u0131m\u0131z\u0131 s\u00fcrd\u00fcrmek i\u00e7in kararl\u0131y\u0131z.<\/p>\n<p>[\/vc_column_text][\/vc_column][\/vc_row][vc_row css=&#8221;.vc_custom_1686842959483{padding-top: 30px !important;padding-bottom: 30px !important;}&#8221;][vc_column width=&#8221;1\/3&#8243;]\r\n\r\n<div class=\"ts-fid inside ts-fid-boxstyle-without-icon ts-fidbox-style-3\">\r\n\t<div class=\"ts-fld-contents\">\r\n\t\t<h3 class=\"ts-fid-inner\">\r\n\t\t\t\t\t\t<span\r\n\t\t\t\tdata-appear-animation = \"animateDigits\"\r\n\t\t\t\tdata-from             = \"0\"\r\n\t\t\t\tdata-to               = \"35\"\r\n\t\t\t\tdata-interval         = \"5\"\r\n\t\t\t\t>\r\n\t\t\t\t\t35\t\t\t<\/span>\r\n\t\t\t<span>+<\/span>\t\t<\/h3>\r\n\t\t<h6 class=\"ts-fid-title\"><span>\u00dcLKEYE \u0130HRACAT<br><\/span><\/h6>\r\n\t<\/div><!-- .ts-fld-contents -->\r\n<\/div>\r\n\r\n\r\n\r\n[\/vc_column][vc_column width=&#8221;1\/3&#8243;]\r\n\r\n<div class=\"ts-fid inside ts-fid-boxstyle-without-icon ts-fidbox-style-3\">\r\n\t<div class=\"ts-fld-contents\">\r\n\t\t<h3 class=\"ts-fid-inner\">\r\n\t\t\t\t\t\t<span\r\n\t\t\t\tdata-appear-animation = \"animateDigits\"\r\n\t\t\t\tdata-from             = \"0\"\r\n\t\t\t\tdata-to               = \"7000\"\r\n\t\t\t\tdata-interval         = \"5\"\r\n\t\t\t\t>\r\n\t\t\t\t\t7000\t\t\t<\/span>\r\n\t\t\t<span>+<\/span>\t\t<\/h3>\r\n\t\t<h6 class=\"ts-fid-title\"><span>TON SATI\u015e<br><\/span><\/h6>\r\n\t<\/div><!-- .ts-fld-contents -->\r\n<\/div>\r\n\r\n\r\n\r\n[\/vc_column][vc_column width=&#8221;1\/3&#8243;]\r\n\r\n<div class=\"ts-fid inside ts-fid-boxstyle-without-icon ts-fidbox-style-3\">\r\n\t<div class=\"ts-fld-contents\">\r\n\t\t<h3 class=\"ts-fid-inner\">\r\n\t\t\t\t\t\t<span\r\n\t\t\t\tdata-appear-animation = \"animateDigits\"\r\n\t\t\t\tdata-from             = \"0\"\r\n\t\t\t\tdata-to               = \"15\"\r\n\t\t\t\tdata-interval         = \"5\"\r\n\t\t\t\t>\r\n\t\t\t\t\t15\t\t\t<\/span>\r\n\t\t\t<span>+<\/span>\t\t<\/h3>\r\n\t\t<h6 class=\"ts-fid-title\"><span>YILLIK DENEY\u0130M<br><\/span><\/h6>\r\n\t<\/div><!-- .ts-fld-contents -->\r\n<\/div>\r\n\r\n\r\n\r\n[\/vc_column][\/vc_row][vc_row ts_bgcolor=&#8221;grey&#8221; full_width=&#8221;stretch_row&#8221;][vc_column][vc_video link=&#8221;https:\/\/www.youtube.com\/watch?v=1cU-Wp704MM&amp;ab_channel=AdvancedKimya&#8221; align=&#8221;center&#8221;][\/vc_column][\/vc_row][vc_row][vc_column]<div class=\"themestek-boxes themestek-boxes-client themestek-boxes-element-client-style-2 themestek-boxes-view-carousel themestek-boxes-col-six themestek-boxes-sortable-no themestek-boxes-textalign-center themestek-boxes-sortablebutton- ts-boxes-carousel-arrows-hide\" data-ts-speed=\"1500\" data-ts-autoplay=\"1\" data-ts-autoplayspeed=\"4500\" data-ts-loop=\"1\" data-ts-dots=\"0\" data-ts-nav=\"hide\" data-ts-centermode=\"0\" data-ts-pauseonfocus=\"1\" data-ts-pauseonhover=\"1\" data-ts-slidestoscroll=\"column\" data-ts-effecttype=\"slide\">\r\n\t\t<div class=\"themestek-boxes-inner themestek-boxes-client-inner \"><div class=\"themestek-box-heading-wrapper ts-element-align-center\"><div class=\"ts-element-heading-wrapper ts-heading-inner ts-element-align-center ts-seperator-none \"><section class=\"ts-vc_cta3-container\"><div class=\"ts-vc_general ts-vc_cta3 ts-cta3-only ts-vc_cta3-style-classic ts-vc_cta3-shape-rounded ts-vc_cta3-align-center ts-vc_cta3-color-transparent ts-vc_cta3-icon-size-md ts-vc_cta3-actions-no ts-cta3-without-desc\"><div class=\"ts-vc_cta3_content-container\"><div class=\"ts-vc_cta3-content\"><div class=\"ts-vc_cta3-content-header ts-wrap\"><div class=\"ts-vc_cta3-headers ts-wrap-cell\"><h2 class=\"ts-custom-heading \" >Partnerler<\/h2>\n<\/div><\/div><\/div><\/div><\/div><\/section><\/div> <!-- .ts-element-heading-wrapper container --> <\/div> <!-- .ts-element-heading-wrapper container --> \r\n\t\t\t\r\n\t\t\t<div class=\"row multi-columns-row themestek-boxes-row-wrapper\">\r\n\t\t\t\t<div class=\"ts-box-col-wrapper col-lg-2 col-sm-4 col-md-4 col-xs-12 \"><div class=\"ts-client-logo-box-w\"><div class=\"themestek-box themestek-box-client ts-clientbox-style-2 themestek-box-view-style2 themestek-client-box-view-style2 \">\r\n\t\r\n\t\t<span class=\"themestek-item-thumbnail\">\r\n\t\t\t<span class=\"themestek-item-thumbnail-inner\">\r\n\t\t\t\t<img width=\"300\" height=\"109\" src=\"https:\/\/www.advancedkimya.com\/wp-content\/uploads\/2021\/01\/qctech.jpg\" class=\"attachment-full size-full wp-post-image\" alt=\"\" \/>\r\n\t\t\t<\/span>\r\n\t\t<\/span>\t<\/div>\r\n<\/div><!-- .ts-client-logo-box-w --> <\/div><div class=\"ts-box-col-wrapper col-lg-2 col-sm-4 col-md-4 col-xs-12 \"><div class=\"ts-client-logo-box-w\"><div class=\"themestek-box themestek-box-client ts-clientbox-style-2 themestek-box-view-style2 themestek-client-box-view-style2 \">\r\n\t\r\n\t\t<span class=\"themestek-item-thumbnail\">\r\n\t\t\t<span class=\"themestek-item-thumbnail-inner\">\r\n\t\t\t\t<img width=\"274\" height=\"109\" src=\"https:\/\/www.advancedkimya.com\/wp-content\/uploads\/2024\/10\/gever.png\" class=\"attachment-full size-full wp-post-image\" alt=\"\" \/>\r\n\t\t\t<\/span>\r\n\t\t<\/span>\t<\/div>\r\n<\/div><!-- .ts-client-logo-box-w --> <\/div><div class=\"ts-box-col-wrapper col-lg-2 col-sm-4 col-md-4 col-xs-12 \"><div class=\"ts-client-logo-box-w\"><div class=\"themestek-box themestek-box-client ts-clientbox-style-2 themestek-box-view-style2 themestek-client-box-view-style2 \">\r\n\t\r\n\t\t<span class=\"themestek-item-thumbnail\">\r\n\t\t\t<span class=\"themestek-item-thumbnail-inner\">\r\n\t\t\t\t<img width=\"300\" height=\"83\" src=\"https:\/\/www.advancedkimya.com\/wp-content\/uploads\/2021\/01\/akpa.jpg\" class=\"attachment-full size-full wp-post-image\" alt=\"\" \/>\r\n\t\t\t<\/span>\r\n\t\t<\/span>\t<\/div>\r\n<\/div><!-- .ts-client-logo-box-w --> <\/div><div class=\"ts-box-col-wrapper col-lg-2 col-sm-4 col-md-4 col-xs-12 \"><div class=\"ts-client-logo-box-w\"><div class=\"themestek-box themestek-box-client ts-clientbox-style-2 themestek-box-view-style2 themestek-client-box-view-style2 \">\r\n\t\r\n\t\t<span class=\"themestek-item-thumbnail\">\r\n\t\t\t<span class=\"themestek-item-thumbnail-inner\">\r\n\t\t\t\t<img width=\"300\" height=\"118\" src=\"https:\/\/www.advancedkimya.com\/wp-content\/uploads\/2021\/01\/elix.jpg\" class=\"attachment-full size-full wp-post-image\" alt=\"\" \/>\r\n\t\t\t<\/span>\r\n\t\t<\/span>\t<\/div>\r\n<\/div><!-- .ts-client-logo-box-w --> <\/div><div class=\"ts-box-col-wrapper col-lg-2 col-sm-4 col-md-4 col-xs-12 \"><div class=\"ts-client-logo-box-w\"><div class=\"themestek-box themestek-box-client ts-clientbox-style-2 themestek-box-view-style2 themestek-client-box-view-style2 \">\r\n\t\r\n\t\t<span class=\"themestek-item-thumbnail\">\r\n\t\t\t<span class=\"themestek-item-thumbnail-inner\">\r\n\t\t\t\t<img width=\"300\" height=\"94\" src=\"https:\/\/www.advancedkimya.com\/wp-content\/uploads\/2021\/01\/plastifay.jpg\" class=\"attachment-full size-full wp-post-image\" alt=\"\" \/>\r\n\t\t\t<\/span>\r\n\t\t<\/span>\t<\/div>\r\n<\/div><!-- .ts-client-logo-box-w --> <\/div><div class=\"ts-box-col-wrapper col-lg-2 col-sm-4 col-md-4 col-xs-12 \"><div class=\"ts-client-logo-box-w\"><div class=\"themestek-box themestek-box-client ts-clientbox-style-2 themestek-box-view-style2 themestek-client-box-view-style2 \">\r\n\t\r\n\t\t<span class=\"themestek-item-thumbnail\">\r\n\t\t\t<span class=\"themestek-item-thumbnail-inner\">\r\n\t\t\t\t<img width=\"300\" height=\"132\" src=\"https:\/\/www.advancedkimya.com\/wp-content\/uploads\/2018\/04\/yoy2.jpg\" class=\"attachment-full size-full wp-post-image\" alt=\"\" \/>\r\n\t\t\t<\/span>\r\n\t\t<\/span>\t<\/div>\r\n<\/div><!-- .ts-client-logo-box-w --> <\/div><div class=\"ts-box-col-wrapper col-lg-2 col-sm-4 col-md-4 col-xs-12 \"><div class=\"ts-client-logo-box-w\"><div class=\"themestek-box themestek-box-client ts-clientbox-style-2 themestek-box-view-style2 themestek-client-box-view-style2 \">\r\n\t\r\n\t\t<span class=\"themestek-item-thumbnail\">\r\n\t\t\t<span class=\"themestek-item-thumbnail-inner\">\r\n\t\t\t\t<img width=\"300\" height=\"72\" src=\"https:\/\/www.advancedkimya.com\/wp-content\/uploads\/2021\/01\/yildiz.jpg\" class=\"attachment-full size-full wp-post-image\" alt=\"\" \/>\r\n\t\t\t<\/span>\r\n\t\t<\/span>\t<\/div>\r\n<\/div><!-- .ts-client-logo-box-w --> <\/div>\r\n\t\t\t<\/div>\r\n\t\t<\/div><!-- .themestek-boxes-inner -->   <\/div><!-- .themestek-boxes -->  [\/vc_column][\/vc_row]<\/p>\n<\/section>","protected":false},"excerpt":{"rendered":"<p>[vc_row full_width=&#8221;stretch_row&#8221; el_class=&#8221;ts-column-pad-0&#8243; css=&#8221;.vc_custom_1535171682818{padding-bottom: 50px !important;}&#8221; ts_responsive_css=&#8221;69022376|colbreak_yes|||||||||colbreak_no|||||||||colbreak_no||||||||||colbreak_no|||||||||&#8221;][vc_column width=&#8221;1\/2&#8243; css=&#8221;.vc_custom_1687781673553{padding-right: 10% !important;padding-left: 10% !important;}&#8221;][vc_column_text]Transit ticaret alan\u0131nda kendini ispatlayan, T\u00fcrkiye\u2019nin say\u0131l\u0131 firmalar\u0131 aras\u0131nda yer alan Advanced Kimya\u2019n\u0131n toplam i\u015f hacminin %85\u2019i ihracat sat\u0131\u015flar\u0131ndan olu\u015fmaktad\u0131r. \u0130\u015f ortaklar\u0131yla her zaman \u015feffafl\u0131\u011fa dayanan bir temelde \u00e7al\u0131\u015fmakta olup, tedarik zinciri y\u00f6netimi ve lojistik s\u00fcre\u00e7lerinde en iyi uygulamalar\u0131 benimsemektedir. \u0130\u015f ortaklar\u0131na rekabet &hellip; <a href=\"https:\/\/www.advancedkimya.com\/tr\/client\/client-5\/\" class=\"more-link\" title=\"Continue reading <span class=\"screen-reader-text\">Client 2<\/span>&#8220;>Continue reading <span class=\"screen-reader-text\">Client 2<\/span><\/a><\/p>\n","protected":false},"author":1,"featured_media":0,"parent":0,"menu_order":11,"comment_status":"closed","ping_status":"closed","template":"","meta":{"_joinchat":[]},"yoast_head":"<!-- This site is optimized with the Yoast SEO plugin v20.11 - https:\/\/yoast.com\/wordpress\/plugins\/seo\/ -->\n<title>Hakk\u0131m\u0131zda - Advanced Kimya<\/title>\n<meta name=\"robots\" content=\"index, follow, max-snippet:-1, max-image-preview:large, max-video-preview:-1\" \/>\n<link rel=\"canonical\" href=\"https:\/\/www.advancedkimya.com\/tr\/hakkimizda\/\" \/>\n<meta property=\"og:locale\" content=\"tr_TR\" \/>\n<meta property=\"og:type\" content=\"article\" \/>\n<meta property=\"og:title\" content=\"Hakk\u0131m\u0131zda - Advanced Kimya\" \/>\n<meta property=\"og:description\" content=\"[vc_row full_width=&#8221;stretch_row&#8221; el_class=&#8221;ts-column-pad-0&#8243; css=&#8221;.vc_custom_1535171682818{padding-bottom: 50px !important;}&#8221; ts_responsive_css=&#8221;69022376|colbreak_yes|||||||||colbreak_no|||||||||colbreak_no||||||||||colbreak_no|||||||||&#8221;][vc_column width=&#8221;1\/2&#8243; css=&#8221;.vc_custom_1687781673553{padding-right: 10% !important;padding-left: 10% !important;}&#8221;][vc_column_text]Transit ticaret alan\u0131nda kendini ispatlayan, T\u00fcrkiye\u2019nin say\u0131l\u0131 firmalar\u0131 aras\u0131nda yer alan Advanced Kimya\u2019n\u0131n toplam i\u015f hacminin %85\u2019i ihracat sat\u0131\u015flar\u0131ndan olu\u015fmaktad\u0131r. \u0130\u015f ortaklar\u0131yla her zaman \u015feffafl\u0131\u011fa dayanan bir temelde \u00e7al\u0131\u015fmakta olup, tedarik zinciri y\u00f6netimi ve lojistik s\u00fcre\u00e7lerinde en iyi uygulamalar\u0131 benimsemektedir. \u0130\u015f ortaklar\u0131na rekabet &hellip; Continue reading Client 2\" \/>\n<meta property=\"og:url\" content=\"https:\/\/www.advancedkimya.com\/tr\/hakkimizda\/\" \/>\n<meta property=\"og:site_name\" content=\"Advanced Kimya\" \/>\n<meta property=\"article:modified_time\" content=\"2025-12-19T14:45:14+00:00\" \/>\n<meta property=\"og:image\" content=\"https:\/\/www.advancedkimya.com\/wp-content\/uploads\/2023\/06\/ACa.png\" \/>\n\t<meta property=\"og:image:width\" content=\"500\" \/>\n\t<meta property=\"og:image:height\" content=\"500\" \/>\n\t<meta property=\"og:image:type\" content=\"image\/png\" \/>\n<meta name=\"twitter:card\" content=\"summary_large_image\" \/>\n<meta name=\"twitter:label1\" content=\"Tahmini okuma s\u00fcresi\" \/>\n\t<meta name=\"twitter:data1\" content=\"2 dakika\" \/>\n<script type=\"application\/ld+json\" class=\"yoast-schema-graph\">{\"@context\":\"https:\/\/schema.org\",\"@graph\":[{\"@type\":\"WebPage\",\"@id\":\"https:\/\/www.advancedkimya.com\/tr\/hakkimizda\/\",\"url\":\"https:\/\/www.advancedkimya.com\/tr\/hakkimizda\/\",\"name\":\"Hakk\u0131m\u0131zda - Advanced Kimya\",\"isPartOf\":{\"@id\":\"https:\/\/www.advancedkimya.com\/#website\"},\"datePublished\":\"2018-08-03T08:06:05+00:00\",\"dateModified\":\"2025-12-19T14:45:14+00:00\",\"breadcrumb\":{\"@id\":\"https:\/\/www.advancedkimya.com\/tr\/hakkimizda\/#breadcrumb\"},\"inLanguage\":\"tr\",\"potentialAction\":[{\"@type\":\"ReadAction\",\"target\":[\"https:\/\/www.advancedkimya.com\/tr\/hakkimizda\/\"]}]},{\"@type\":\"BreadcrumbList\",\"@id\":\"https:\/\/www.advancedkimya.com\/tr\/hakkimizda\/#breadcrumb\",\"itemListElement\":[{\"@type\":\"ListItem\",\"position\":1,\"name\":\"Home\",\"item\":\"https:\/\/www.advancedkimya.com\/tr\/\"},{\"@type\":\"ListItem\",\"position\":2,\"name\":\"Hakk\u0131m\u0131zda\"}]},{\"@type\":\"WebSite\",\"@id\":\"https:\/\/www.advancedkimya.com\/#website\",\"url\":\"https:\/\/www.advancedkimya.com\/\",\"name\":\"Advanced Kimya\",\"description\":\"\",\"publisher\":{\"@id\":\"https:\/\/www.advancedkimya.com\/#organization\"},\"potentialAction\":[{\"@type\":\"SearchAction\",\"target\":{\"@type\":\"EntryPoint\",\"urlTemplate\":\"https:\/\/www.advancedkimya.com\/?s={search_term_string}\"},\"query-input\":\"required name=search_term_string\"}],\"inLanguage\":\"tr\"},{\"@type\":\"Organization\",\"@id\":\"https:\/\/www.advancedkimya.com\/#organization\",\"name\":\"Advanced Kimya\",\"url\":\"https:\/\/www.advancedkimya.com\/\",\"logo\":{\"@type\":\"ImageObject\",\"inLanguage\":\"tr\",\"@id\":\"https:\/\/www.advancedkimya.com\/#\/schema\/logo\/image\/\",\"url\":\"https:\/\/www.advancedkimya.com\/wp-content\/uploads\/2023\/06\/ACa.png\",\"contentUrl\":\"https:\/\/www.advancedkimya.com\/wp-content\/uploads\/2023\/06\/ACa.png\",\"width\":500,\"height\":500,\"caption\":\"Advanced Kimya\"},\"image\":{\"@id\":\"https:\/\/www.advancedkimya.com\/#\/schema\/logo\/image\/\"},\"sameAs\":[\"https:\/\/www.linkedin.com\/company\/advanced-kimya\/\"]}]}<\/script>\n<!-- \/ Yoast SEO plugin. -->","yoast_head_json":{"title":"Hakk\u0131m\u0131zda - Advanced Kimya","robots":{"index":"index","follow":"follow","max-snippet":"max-snippet:-1","max-image-preview":"max-image-preview:large","max-video-preview":"max-video-preview:-1"},"canonical":"https:\/\/www.advancedkimya.com\/tr\/hakkimizda\/","og_locale":"tr_TR","og_type":"article","og_title":"Hakk\u0131m\u0131zda - Advanced Kimya","og_description":"[vc_row full_width=&#8221;stretch_row&#8221; el_class=&#8221;ts-column-pad-0&#8243; css=&#8221;.vc_custom_1535171682818{padding-bottom: 50px !important;}&#8221; ts_responsive_css=&#8221;69022376|colbreak_yes|||||||||colbreak_no|||||||||colbreak_no||||||||||colbreak_no|||||||||&#8221;][vc_column width=&#8221;1\/2&#8243; css=&#8221;.vc_custom_1687781673553{padding-right: 10% !important;padding-left: 10% !important;}&#8221;][vc_column_text]Transit ticaret alan\u0131nda kendini ispatlayan, T\u00fcrkiye\u2019nin say\u0131l\u0131 firmalar\u0131 aras\u0131nda yer alan Advanced Kimya\u2019n\u0131n toplam i\u015f hacminin %85\u2019i ihracat sat\u0131\u015flar\u0131ndan olu\u015fmaktad\u0131r. \u0130\u015f ortaklar\u0131yla her zaman \u015feffafl\u0131\u011fa dayanan bir temelde \u00e7al\u0131\u015fmakta olup, tedarik zinciri y\u00f6netimi ve lojistik s\u00fcre\u00e7lerinde en iyi uygulamalar\u0131 benimsemektedir. \u0130\u015f ortaklar\u0131na rekabet &hellip; Continue reading Client 2","og_url":"https:\/\/www.advancedkimya.com\/tr\/hakkimizda\/","og_site_name":"Advanced Kimya","article_modified_time":"2025-12-19T14:45:14+00:00","og_image":[{"width":500,"height":500,"url":"https:\/\/www.advancedkimya.com\/wp-content\/uploads\/2023\/06\/ACa.png","type":"image\/png"}],"twitter_card":"summary_large_image","twitter_misc":{"Tahmini okuma s\u00fcresi":"2 dakika"},"schema":{"@context":"https:\/\/schema.org","@graph":[{"@type":"WebPage","@id":"https:\/\/www.advancedkimya.com\/tr\/hakkimizda\/","url":"https:\/\/www.advancedkimya.com\/tr\/hakkimizda\/","name":"Hakk\u0131m\u0131zda - Advanced Kimya","isPartOf":{"@id":"https:\/\/www.advancedkimya.com\/#website"},"datePublished":"2018-08-03T08:06:05+00:00","dateModified":"2025-12-19T14:45:14+00:00","breadcrumb":{"@id":"https:\/\/www.advancedkimya.com\/tr\/hakkimizda\/#breadcrumb"},"inLanguage":"tr","potentialAction":[{"@type":"ReadAction","target":["https:\/\/www.advancedkimya.com\/tr\/hakkimizda\/"]}]},{"@type":"BreadcrumbList","@id":"https:\/\/www.advancedkimya.com\/tr\/hakkimizda\/#breadcrumb","itemListElement":[{"@type":"ListItem","position":1,"name":"Home","item":"https:\/\/www.advancedkimya.com\/tr\/"},{"@type":"ListItem","position":2,"name":"Hakk\u0131m\u0131zda"}]},{"@type":"WebSite","@id":"https:\/\/www.advancedkimya.com\/#website","url":"https:\/\/www.advancedkimya.com\/","name":"Advanced Kimya","description":"","publisher":{"@id":"https:\/\/www.advancedkimya.com\/#organization"},"potentialAction":[{"@type":"SearchAction","target":{"@type":"EntryPoint","urlTemplate":"https:\/\/www.advancedkimya.com\/?s={search_term_string}"},"query-input":"required name=search_term_string"}],"inLanguage":"tr"},{"@type":"Organization","@id":"https:\/\/www.advancedkimya.com\/#organization","name":"Advanced Kimya","url":"https:\/\/www.advancedkimya.com\/","logo":{"@type":"ImageObject","inLanguage":"tr","@id":"https:\/\/www.advancedkimya.com\/#\/schema\/logo\/image\/","url":"https:\/\/www.advancedkimya.com\/wp-content\/uploads\/2023\/06\/ACa.png","contentUrl":"https:\/\/www.advancedkimya.com\/wp-content\/uploads\/2023\/06\/ACa.png","width":500,"height":500,"caption":"Advanced Kimya"},"image":{"@id":"https:\/\/www.advancedkimya.com\/#\/schema\/logo\/image\/"},"sameAs":["https:\/\/www.linkedin.com\/company\/advanced-kimya\/"]}]}},"_links":{"self":[{"href":"https:\/\/www.advancedkimya.com\/tr\/wp-json\/wp\/v2\/pages\/86"}],"collection":[{"href":"https:\/\/www.advancedkimya.com\/tr\/wp-json\/wp\/v2\/pages"}],"about":[{"href":"https:\/\/www.advancedkimya.com\/tr\/wp-json\/wp\/v2\/types\/page"}],"author":[{"embeddable":true,"href":"https:\/\/www.advancedkimya.com\/tr\/wp-json\/wp\/v2\/users\/1"}],"replies":[{"embeddable":true,"href":"https:\/\/www.advancedkimya.com\/tr\/wp-json\/wp\/v2\/comments?post=86"}],"version-history":[{"count":45,"href":"https:\/\/www.advancedkimya.com\/tr\/wp-json\/wp\/v2\/pages\/86\/revisions"}],"predecessor-version":[{"id":1769,"href":"https:\/\/www.advancedkimya.com\/tr\/wp-json\/wp\/v2\/pages\/86\/revisions\/1769"}],"wp:attachment":[{"href":"https:\/\/www.advancedkimya.com\/tr\/wp-json\/wp\/v2\/media?parent=86"}],"curies":[{"name":"wp","href":"https:\/\/api.w.org\/{rel}","templated":true}]}}