{"id":93,"date":"2018-08-03T06:04:16","date_gmt":"2018-08-03T06:04:16","guid":{"rendered":"https:\/\/labtechco-demo.pbminfotech.com\/?page_id=6602"},"modified":"2025-03-20T14:00:35","modified_gmt":"2025-03-20T11:00:35","slug":"iletisim","status":"publish","type":"page","link":"https:\/\/www.advancedkimya.com\/tr\/iletisim\/","title":{"rendered":"\u0130leti\u015fim"},"content":{"rendered":"<section class=\"wpb-content-wrapper\"><p>[vc_row ts_responsive_css=&#8221;32545271|colbreak_no|||||||||colbreak_yes|||||||||colbreak_no||||||||||colbreak_no|||||||||&#8221;][vc_column width=&#8221;3\/5&#8243;]<h3 style=\"text-align:left;\" class=\"ts-custom-heading \" >\u0130RT\u0130BAT B\u0130LG\u0130LER\u0130<\/h3>\n[vc_column_text css=&#8221;.vc_custom_1686655158818{margin-bottom: 45px !important;}&#8221;]Talep ve bilgilendirme i\u00e7in ileti\u015fim bilgilerimiz \u00fczerinden irtibata ge\u00e7ebilir veya ileti\u015fim formu \u00fczerinden talebinizi iletebilirsiniz.[\/vc_column_text][vc_row_inner css=&#8221;.vc_custom_1535192611352{padding-bottom: 40px !important;}&#8221; ts_responsive_css=&#8221;91998936|colbreak_no|||||||||colbreak_no|||||||||colbreak_no|||||||0|||colbreak_no|||||||||&#8221;][vc_column_inner width=&#8221;1\/2&#8243; css=&#8221;.vc_custom_1688733232648{padding-right: 3px !important;}&#8221;]\r\n\r\n<div class=\"ts-ihbox ts-ihbox-style-2 ts-ihbox-itype-icon iletisimfont \">\r\n\t<div class=\"ts-sbox-bgimage-layer ts-bgimage-layer\"><\/div>\r\n\t<div class=\"ts-ihbox-wrapper-bg-layer ts-bg-layer\"><\/div>\r\n\t\r\n\t<div class=\"ts-ihbox-inner\">\r\n\t\t<div class=\"ts-ihbox-icon ts-large-icon ts-icon-skincolor\">\r\n\t\t\t<div class=\"ts-ihbox-icon-wrapper\"><i class=\"themifyicon ti-location-pin\"><\/i><\/div>\t\t<\/div>\r\n\r\n\t\t<div class=\"ts-ihbox-contents\">\r\n\t\t\t<div class=\"ts-vc_general ts-vc_cta3 ts-cta3-only ts-vc_cta3-style-classic ts-vc_cta3-shape-rounded ts-vc_cta3-align-left ts-vc_cta3-color-transparent ts-vc_cta3-icon-size-md ts-vc_cta3-actions-no ts-cta3-with-desc\"><div class=\"ts-vc_cta3_content-container\"><div class=\"ts-vc_cta3-content\"><div class=\"ts-vc_cta3-content-header ts-wrap\"><div class=\"ts-vc_cta3-headers ts-wrap-cell\"><h2 class=\"ts-custom-heading \">Adres<\/h2>\n<\/div><\/div><div class=\"ts-cta3-content-wrapper\"> <\/div><\/div><\/div><\/div>\t\t\t<div class=\"ts-cta3-content-wrapper\">Advanced Kimya D\u0131\u015f Ticaret Limited \u015eirketi Karaa\u011fa\u00e7 Mah. S\u0131rtk\u00f6y Bulvar\u0131, Ahbap Sk. Mesa-Nurol Ye\u015filyaka Su Sitesi, 81. Villa, No: 5\/81 B\u00fcy\u00fck\u00e7ekmece \/ \u0130stanbul 34500 T\u00fcrkiye<\/div>\t\t\t\t\t<\/div><!-- .ts-sbox-contents -->\r\n\t<\/div>\t\r\n<\/div>\r\n\r\n[\/vc_column_inner][vc_column_inner width=&#8221;1\/2&#8243; ts_responsive_css=&#8221;23663167|colbreak_no|||||||||colbreak_no|||||||||colbreak_no|||||30||30|||colbreak_no|||||||||&#8221;]\r\n\r\n<div class=\"ts-ihbox ts-ihbox-style-2 ts-ihbox-itype-icon iletisimfont \">\r\n\t<div class=\"ts-sbox-bgimage-layer ts-bgimage-layer\"><\/div>\r\n\t<div class=\"ts-ihbox-wrapper-bg-layer ts-bg-layer\"><\/div>\r\n\t\r\n\t<div class=\"ts-ihbox-inner\">\r\n\t\t<div class=\"ts-ihbox-icon ts-large-icon ts-icon-skincolor\">\r\n\t\t\t<div class=\"ts-ihbox-icon-wrapper\"><i class=\"themifyicon ti-headphone\"><\/i><\/div>\t\t<\/div>\r\n\r\n\t\t<div class=\"ts-ihbox-contents\">\r\n\t\t\t<div class=\"ts-vc_general ts-vc_cta3 ts-cta3-only ts-vc_cta3-style-classic ts-vc_cta3-shape-rounded ts-vc_cta3-align-left ts-vc_cta3-color-transparent ts-vc_cta3-icon-size-md ts-vc_cta3-actions-no ts-cta3-with-desc\"><div class=\"ts-vc_cta3_content-container\"><div class=\"ts-vc_cta3-content\"><div class=\"ts-vc_cta3-content-header ts-wrap\"><div class=\"ts-vc_cta3-headers ts-wrap-cell\"><h2 class=\"ts-custom-heading \">Telefon<\/h2>\n<\/div><\/div><div class=\"ts-cta3-content-wrapper\"> <\/div><\/div><\/div><\/div>\t\t\t<div class=\"ts-cta3-content-wrapper\">+90 212 706 66 20<\/div>\t\t\t\t\t<\/div><!-- .ts-sbox-contents -->\r\n\t<\/div>\t\r\n<\/div>\r\n\r\n[\/vc_column_inner][\/vc_row_inner][vc_row_inner][vc_column_inner width=&#8221;1\/2&#8243; ts_responsive_css=&#8221;88144758|colbreak_no|||||||||colbreak_no|||||||||colbreak_no|||||||30|||colbreak_no|||||||||&#8221; css=&#8221;.vc_custom_1688733218050{padding-right: 3px !important;}&#8221;]\r\n\r\n<div class=\"ts-ihbox ts-ihbox-style-2 ts-ihbox-itype-icon iletisimfont \">\r\n\t<div class=\"ts-sbox-bgimage-layer ts-bgimage-layer\"><\/div>\r\n\t<div class=\"ts-ihbox-wrapper-bg-layer ts-bg-layer\"><\/div>\r\n\t\r\n\t<div class=\"ts-ihbox-inner\">\r\n\t\t<div class=\"ts-ihbox-icon ts-large-icon ts-icon-skincolor\">\r\n\t\t\t<div class=\"ts-ihbox-icon-wrapper\"><i class=\"themifyicon ti-email\"><\/i><\/div>\t\t<\/div>\r\n\r\n\t\t<div class=\"ts-ihbox-contents\">\r\n\t\t\t<div class=\"ts-vc_general ts-vc_cta3 ts-cta3-only ts-vc_cta3-style-classic ts-vc_cta3-shape-rounded ts-vc_cta3-align-left ts-vc_cta3-color-transparent ts-vc_cta3-icon-size-md ts-vc_cta3-actions-no ts-cta3-with-desc\"><div class=\"ts-vc_cta3_content-container\"><div class=\"ts-vc_cta3-content\"><div class=\"ts-vc_cta3-content-header ts-wrap\"><div class=\"ts-vc_cta3-headers ts-wrap-cell\"><h2 class=\"ts-custom-heading \">E-mail<\/h2>\n<\/div><\/div><div class=\"ts-cta3-content-wrapper\"> <\/div><\/div><\/div><\/div>\t\t\t<div class=\"ts-cta3-content-wrapper\">Sat\u0131\u015f: export@advancedkimya.com<br \/>\nSat\u0131n Alma: ceren@advancedkimya.com<br \/>\nTeknik Bilgi: kutay@advancedkimya.com<\/div>\t\t\t\t\t<\/div><!-- .ts-sbox-contents -->\r\n\t<\/div>\t\r\n<\/div>\r\n\r\n[\/vc_column_inner][vc_column_inner width=&#8221;1\/2&#8243; ts_responsive_css=&#8221;44622014|colbreak_no|||||||||colbreak_no|||||||||colbreak_no|||||||50|||colbreak_no|||||||||&#8221;]\r\n\r\n<div class=\"ts-ihbox ts-ihbox-style-2 ts-ihbox-itype-icon \">\r\n\t<div class=\"ts-sbox-bgimage-layer ts-bgimage-layer\"><\/div>\r\n\t<div class=\"ts-ihbox-wrapper-bg-layer ts-bg-layer\"><\/div>\r\n\t\r\n\t<div class=\"ts-ihbox-inner\">\r\n\t\t<div class=\"ts-ihbox-icon ts-large-icon ts-icon-skincolor\">\r\n\t\t\t<div class=\"ts-ihbox-icon-wrapper\"><i class=\"themifyicon ti-linkedin\"><\/i><\/div>\t\t<\/div>\r\n\r\n\t\t<div class=\"ts-ihbox-contents\">\r\n\t\t\t<div class=\"ts-vc_general ts-vc_cta3 ts-cta3-only ts-vc_cta3-style-classic ts-vc_cta3-shape-rounded ts-vc_cta3-align-left ts-vc_cta3-color-transparent ts-vc_cta3-icon-size-md ts-vc_cta3-actions-no ts-cta3-with-desc\"><div class=\"ts-vc_cta3_content-container\"><div class=\"ts-vc_cta3-content\"><div class=\"ts-vc_cta3-content-header ts-wrap\"><div class=\"ts-vc_cta3-headers ts-wrap-cell\"><h2 class=\"ts-custom-heading \"><a href=\"https:\/\/www.linkedin.com\/company\/advanced-kimya\/\">LINKEDIN<\/a><\/h2>\n<\/div><\/div><div class=\"ts-cta3-content-wrapper\"> <\/div><\/div><\/div><\/div>\t\t\t\t\t\t\r\n\t\t<div class=\"ts-vc_btn3-container ts-vc_btn3-inline\"><a class=\"ts-vc_general ts-vc_btn3 ts-vc_btn3-size-md ts-vc_btn3-shape-rounded ts-vc_btn3-style-text ts-vc_btn3-weight-yes ts-vc_btn3-icon-right ts-vc_btn3-color-skincolor\" href=\"https:\/\/www.linkedin.com\/company\/advanced-kimya\/\" title=\"\">ADVANCED K\u0130MYA <i class=\"ts-vc_btn3-icon themifyicon ti-arrow-circle-right\"><\/i><\/a><\/div>\t\t<\/div><!-- .ts-sbox-contents -->\r\n\t<\/div>\t\r\n<\/div>\r\n\r\n[\/vc_column_inner][\/vc_row_inner][\/vc_column][vc_column width=&#8221;2\/5&#8243; ts_responsive_css=&#8221;80978663|colbreak_no|||||||||colbreak_no|||||50||||colbreak_no||||||||||colbreak_no|||||||||&#8221;]<h3 style=\"text-align:left;\" class=\"ts-custom-heading \" >\u0130LET\u0130\u015e\u0130M FORMU<\/h3>\n\n<div class=\"wpcf7 no-js\" id=\"wpcf7-f60-o1\" lang=\"en-US\" dir=\"ltr\">\n<div class=\"screen-reader-response\"><p role=\"status\" aria-live=\"polite\" aria-atomic=\"true\"><\/p> <ul><\/ul><\/div>\n<form action=\"\/tr\/wp-json\/wp\/v2\/pages\/93#wpcf7-f60-o1\" method=\"post\" class=\"wpcf7-form init\" aria-label=\"Contact form\" novalidate=\"novalidate\" data-status=\"init\">\n<div style=\"display: none;\">\n<input type=\"hidden\" name=\"_wpcf7\" value=\"60\" \/>\n<input type=\"hidden\" name=\"_wpcf7_version\" value=\"5.7.7\" \/>\n<input type=\"hidden\" name=\"_wpcf7_locale\" value=\"en_US\" \/>\n<input type=\"hidden\" name=\"_wpcf7_unit_tag\" value=\"wpcf7-f60-o1\" \/>\n<input type=\"hidden\" name=\"_wpcf7_container_post\" value=\"0\" \/>\n<input type=\"hidden\" name=\"_wpcf7_posted_data_hash\" value=\"\" \/>\n<\/div>\n<div class=\"main-form\">\n\t<div class=\"row\">\n\t\t<div class=\"col-sm-6\">\n\t\t\t<div class=\"input-group\">\n\t\t\t\t<p><span class=\"wpcf7-form-control-wrap\" data-name=\"your-name\"><input size=\"40\" class=\"wpcf7-form-control wpcf7-text\" aria-invalid=\"false\" placeholder=\"Ad\u0131n\u0131z\" value=\"\" type=\"text\" name=\"your-name\" \/><\/span>\n\t\t\t\t<\/p>\n\t\t\t<\/div>\n\t\t<\/div>\n\t\t<div class=\"col-sm-6\">\n\t\t\t<div class=\"input-group\">\n\t\t\t\t<p><span class=\"wpcf7-form-control-wrap\" data-name=\"your-email\"><input size=\"40\" class=\"wpcf7-form-control wpcf7-text wpcf7-email wpcf7-validates-as-required wpcf7-validates-as-email\" aria-required=\"true\" aria-invalid=\"false\" placeholder=\"E-mail\" value=\"\" type=\"email\" name=\"your-email\" \/><\/span>\n\t\t\t\t<\/p>\n\t\t\t<\/div>\n\t\t<\/div>\n\t\t<div class=\"col-sm-6\">\n\t\t\t<div class=\"input-group\">\n\t\t\t\t<p><span class=\"wpcf7-form-control-wrap\" data-name=\"your-phone\"><input size=\"40\" class=\"wpcf7-form-control wpcf7-text\" aria-invalid=\"false\" placeholder=\"Telefon\" value=\"\" type=\"text\" name=\"your-phone\" \/><\/span>\n\t\t\t\t<\/p>\n\t\t\t<\/div>\n\t\t<\/div>\n\t\t<div class=\"col-sm-6\">\n\t\t\t<div class=\"input-group\">\n\t\t\t\t<p><span class=\"wpcf7-form-control-wrap\" data-name=\"subject\"><input size=\"40\" class=\"wpcf7-form-control wpcf7-text\" aria-invalid=\"false\" placeholder=\"Konu\" value=\"\" type=\"text\" name=\"subject\" \/><\/span>\n\t\t\t\t<\/p>\n\t\t\t<\/div>\n\t\t<\/div>\n\t\t<div class=\"col-sm-12\">\n\t\t\t<div class=\"input-group input-button\">\n\t\t\t\t<p><span class=\"wpcf7-form-control-wrap\" data-name=\"area\"><input size=\"40\" class=\"wpcf7-form-control wpcf7-text\" aria-invalid=\"false\" placeholder=\"Mesaj\u0131n\u0131z\" value=\"\" type=\"text\" name=\"area\" \/><\/span>\n\t\t\t\t<\/p>\n\t\t\t<\/div>\n\t\t<\/div>\n\t\t<div class=\"col-sm-12\">\n\t\t\t<div class=\"input-group input-button\">\n\t\t\t\t<p><input class=\"wpcf7-form-control has-spinner wpcf7-submit\" type=\"submit\" value=\"G\u00d6NDER\" \/>\n\t\t\t\t<\/p>\n\t\t\t<\/div>\n\t\t<\/div>\n\t<\/div>\n<\/div><div class=\"wpcf7-response-output\" aria-hidden=\"true\"><\/div>\n<\/form>\n<\/div>\n[\/vc_column][\/vc_row][vc_row full_width=&#8221;stretch_row_content_no_spaces&#8221; css=&#8221;.vc_custom_1686655414272{padding-bottom: 0px !important;}&#8221;][vc_column css=&#8221;.vc_custom_1533528127280{padding-top: 0px !important;}&#8221;][vc_raw_html]JTNDaWZyYW1lJTIwc3JjJTNEJTIyaHR0cHMlM0ElMkYlMkZ3d3cuZ29vZ2xlLmNvbSUyRm1hcHMlMkZlbWJlZCUzRnBiJTNEJTIxMW0xOCUyMTFtMTIlMjExbTMlMjExZDMwMDYuOTYyNjAzNDAxNzA0JTIxMmQyOC41OTM5MTA5NzU2Nzg5NTYlMjEzZDQxLjA5MTY2MzcxNDI4NjglMjEybTMlMjExZjAlMjEyZjAlMjEzZjAlMjEzbTIlMjExaTEwMjQlMjEyaTc2OCUyMTRmMTMuMSUyMTNtMyUyMTFtMiUyMTFzMHgxNGI1NTkxZGM2M2JlNmQ1JTI1M0EweDczMmY3NDU4YmQ2NTIwMGUlMjEyeldVWEZuc1N3VEZsQlMwRWdUVVZUUVNCT1ZWSlBUQ0JaUmNXZXhMQk1XVUZMUVNCVFZTQkZWa3hGVXNTdyUyMTVlMCUyMTNtMiUyMTFzZW4lMjEyc3RyJTIxNHYxNzI5ODQ3NjczMTAwJTIxNW0yJTIxMXNlbiUyMTJzdHIlMjIlMjB3aWR0aCUzRCUyMjYwMCUyMiUyMGhlaWdodCUzRCUyMjQ1MCUyMiUyMHN0eWxlJTNEJTIyYm9yZGVyJTNBMCUzQiUyMiUyMGFsbG93ZnVsbHNjcmVlbiUzRCUyMiUyMiUyMGxvYWRpbmclM0QlMjJsYXp5JTIyJTIwcmVmZXJyZXJwb2xpY3klM0QlMjJuby1yZWZlcnJlci13aGVuLWRvd25ncmFkZSUyMiUzRSUzQyUyRmlmcmFtZSUzRQ==[\/vc_raw_html][\/vc_column][\/vc_row]<\/p>\n<\/section>","protected":false},"excerpt":{"rendered":"<p>[vc_row ts_responsive_css=&#8221;32545271|colbreak_no|||||||||colbreak_yes|||||||||colbreak_no||||||||||colbreak_no|||||||||&#8221;][vc_column width=&#8221;3\/5&#8243;][vc_column_text css=&#8221;.vc_custom_1686655158818{margin-bottom: 45px !important;}&#8221;]Talep ve bilgilendirme i\u00e7in ileti\u015fim bilgilerimiz \u00fczerinden irtibata ge\u00e7ebilir veya ileti\u015fim formu \u00fczerinden talebinizi iletebilirsiniz.[\/vc_column_text][vc_row_inner css=&#8221;.vc_custom_1535192611352{padding-bottom: 40px !important;}&#8221; ts_responsive_css=&#8221;91998936|colbreak_no|||||||||colbreak_no|||||||||colbreak_no|||||||0|||colbreak_no|||||||||&#8221;][vc_column_inner width=&#8221;1\/2&#8243; css=&#8221;.vc_custom_1688733232648{padding-right: 3px !important;}&#8221;][\/vc_column_inner][vc_column_inner width=&#8221;1\/2&#8243; ts_responsive_css=&#8221;23663167|colbreak_no|||||||||colbreak_no|||||||||colbreak_no|||||30||30|||colbreak_no|||||||||&#8221;][\/vc_column_inner][\/vc_row_inner][vc_row_inner][vc_column_inner width=&#8221;1\/2&#8243; ts_responsive_css=&#8221;88144758|colbreak_no|||||||||colbreak_no|||||||||colbreak_no|||||||30|||colbreak_no|||||||||&#8221; css=&#8221;.vc_custom_1688733218050{padding-right: 3px !important;}&#8221;][\/vc_column_inner][vc_column_inner width=&#8221;1\/2&#8243; ts_responsive_css=&#8221;44622014|colbreak_no|||||||||colbreak_no|||||||||colbreak_no|||||||50|||colbreak_no|||||||||&#8221;][\/vc_column_inner][\/vc_row_inner][\/vc_column][vc_column width=&#8221;2\/5&#8243; ts_responsive_css=&#8221;80978663|colbreak_no|||||||||colbreak_no|||||50||||colbreak_no||||||||||colbreak_no|||||||||&#8221;][\/vc_column][\/vc_row][vc_row full_width=&#8221;stretch_row_content_no_spaces&#8221; css=&#8221;.vc_custom_1686655414272{padding-bottom: 0px !important;}&#8221;][vc_column css=&#8221;.vc_custom_1533528127280{padding-top: 0px !important;}&#8221;][vc_raw_html]JTNDaWZyYW1lJTIwc3JjJTNEJTIyaHR0cHMlM0ElMkYlMkZ3d3cuZ29vZ2xlLmNvbSUyRm1hcHMlMkZlbWJlZCUzRnBiJTNEJTIxMW0xOCUyMTFtMTIlMjExbTMlMjExZDMwMDYuOTYyNjAzNDAxNzA0JTIxMmQyOC41OTM5MTA5NzU2Nzg5NTYlMjEzZDQxLjA5MTY2MzcxNDI4NjglMjEybTMlMjExZjAlMjEyZjAlMjEzZjAlMjEzbTIlMjExaTEwMjQlMjEyaTc2OCUyMTRmMTMuMSUyMTNtMyUyMTFtMiUyMTFzMHgxNGI1NTkxZGM2M2JlNmQ1JTI1M0EweDczMmY3NDU4YmQ2NTIwMGUlMjEyeldVWEZuc1N3VEZsQlMwRWdUVVZUUVNCT1ZWSlBUQ0JaUmNXZXhMQk1XVUZMUVNCVFZTQkZWa3hGVXNTdyUyMTVlMCUyMTNtMiUyMTFzZW4lMjEyc3RyJTIxNHYxNzI5ODQ3NjczMTAwJTIxNW0yJTIxMXNlbiUyMTJzdHIlMjIlMjB3aWR0aCUzRCUyMjYwMCUyMiUyMGhlaWdodCUzRCUyMjQ1MCUyMiUyMHN0eWxlJTNEJTIyYm9yZGVyJTNBMCUzQiUyMiUyMGFsbG93ZnVsbHNjcmVlbiUzRCUyMiUyMiUyMGxvYWRpbmclM0QlMjJsYXp5JTIyJTIwcmVmZXJyZXJwb2xpY3klM0QlMjJuby1yZWZlcnJlci13aGVuLWRvd25ncmFkZSUyMiUzRSUzQyUyRmlmcmFtZSUzRQ==[\/vc_raw_html][\/vc_column][\/vc_row]<\/p>\n","protected":false},"author":1,"featured_media":0,"parent":0,"menu_order":24,"comment_status":"closed","ping_status":"closed","template":"","meta":{"_joinchat":[]},"yoast_head":"<!-- This site is optimized with the Yoast SEO plugin v20.11 - https:\/\/yoast.com\/wordpress\/plugins\/seo\/ -->\n<title>\u0130leti\u015fim - Advanced Kimya<\/title>\n<meta name=\"robots\" content=\"index, follow, max-snippet:-1, max-image-preview:large, max-video-preview:-1\" \/>\n<link rel=\"canonical\" href=\"https:\/\/www.advancedkimya.com\/tr\/iletisim\/\" \/>\n<meta property=\"og:locale\" content=\"tr_TR\" \/>\n<meta property=\"og:type\" content=\"article\" \/>\n<meta property=\"og:title\" content=\"\u0130leti\u015fim - Advanced Kimya\" \/>\n<meta property=\"og:description\" content=\"[vc_row ts_responsive_css=&#8221;32545271|colbreak_no|||||||||colbreak_yes|||||||||colbreak_no||||||||||colbreak_no|||||||||&#8221;][vc_column width=&#8221;3\/5&#8243;][vc_column_text css=&#8221;.vc_custom_1686655158818{margin-bottom: 45px !important;}&#8221;]Talep ve bilgilendirme i\u00e7in ileti\u015fim bilgilerimiz \u00fczerinden irtibata ge\u00e7ebilir veya ileti\u015fim formu \u00fczerinden talebinizi iletebilirsiniz.[\/vc_column_text][vc_row_inner css=&#8221;.vc_custom_1535192611352{padding-bottom: 40px !important;}&#8221; ts_responsive_css=&#8221;91998936|colbreak_no|||||||||colbreak_no|||||||||colbreak_no|||||||0|||colbreak_no|||||||||&#8221;][vc_column_inner width=&#8221;1\/2&#8243; css=&#8221;.vc_custom_1688733232648{padding-right: 3px !important;}&#8221;][\/vc_column_inner][vc_column_inner width=&#8221;1\/2&#8243; ts_responsive_css=&#8221;23663167|colbreak_no|||||||||colbreak_no|||||||||colbreak_no|||||30||30|||colbreak_no|||||||||&#8221;][\/vc_column_inner][\/vc_row_inner][vc_row_inner][vc_column_inner width=&#8221;1\/2&#8243; ts_responsive_css=&#8221;88144758|colbreak_no|||||||||colbreak_no|||||||||colbreak_no|||||||30|||colbreak_no|||||||||&#8221; css=&#8221;.vc_custom_1688733218050{padding-right: 3px !important;}&#8221;][\/vc_column_inner][vc_column_inner width=&#8221;1\/2&#8243; ts_responsive_css=&#8221;44622014|colbreak_no|||||||||colbreak_no|||||||||colbreak_no|||||||50|||colbreak_no|||||||||&#8221;][\/vc_column_inner][\/vc_row_inner][\/vc_column][vc_column width=&#8221;2\/5&#8243; ts_responsive_css=&#8221;80978663|colbreak_no|||||||||colbreak_no|||||50||||colbreak_no||||||||||colbreak_no|||||||||&#8221;][\/vc_column][\/vc_row][vc_row full_width=&#8221;stretch_row_content_no_spaces&#8221; css=&#8221;.vc_custom_1686655414272{padding-bottom: 0px !important;}&#8221;][vc_column css=&#8221;.vc_custom_1533528127280{padding-top: 0px !important;}&#8221;][vc_raw_html]JTNDaWZyYW1lJTIwc3JjJTNEJTIyaHR0cHMlM0ElMkYlMkZ3d3cuZ29vZ2xlLmNvbSUyRm1hcHMlMkZlbWJlZCUzRnBiJTNEJTIxMW0xOCUyMTFtMTIlMjExbTMlMjExZDMwMDYuOTYyNjAzNDAxNzA0JTIxMmQyOC41OTM5MTA5NzU2Nzg5NTYlMjEzZDQxLjA5MTY2MzcxNDI4NjglMjEybTMlMjExZjAlMjEyZjAlMjEzZjAlMjEzbTIlMjExaTEwMjQlMjEyaTc2OCUyMTRmMTMuMSUyMTNtMyUyMTFtMiUyMTFzMHgxNGI1NTkxZGM2M2JlNmQ1JTI1M0EweDczMmY3NDU4YmQ2NTIwMGUlMjEyeldVWEZuc1N3VEZsQlMwRWdUVVZUUVNCT1ZWSlBUQ0JaUmNXZXhMQk1XVUZMUVNCVFZTQkZWa3hGVXNTdyUyMTVlMCUyMTNtMiUyMTFzZW4lMjEyc3RyJTIxNHYxNzI5ODQ3NjczMTAwJTIxNW0yJTIxMXNlbiUyMTJzdHIlMjIlMjB3aWR0aCUzRCUyMjYwMCUyMiUyMGhlaWdodCUzRCUyMjQ1MCUyMiUyMHN0eWxlJTNEJTIyYm9yZGVyJTNBMCUzQiUyMiUyMGFsbG93ZnVsbHNjcmVlbiUzRCUyMiUyMiUyMGxvYWRpbmclM0QlMjJsYXp5JTIyJTIwcmVmZXJyZXJwb2xpY3klM0QlMjJuby1yZWZlcnJlci13aGVuLWRvd25ncmFkZSUyMiUzRSUzQyUyRmlmcmFtZSUzRQ==[\/vc_raw_html][\/vc_column][\/vc_row]\" \/>\n<meta property=\"og:url\" content=\"https:\/\/www.advancedkimya.com\/tr\/iletisim\/\" \/>\n<meta property=\"og:site_name\" content=\"Advanced Kimya\" \/>\n<meta property=\"article:modified_time\" content=\"2025-03-20T11:00:35+00:00\" \/>\n<meta property=\"og:image\" content=\"https:\/\/www.advancedkimya.com\/wp-content\/uploads\/2023\/06\/ACa.png\" \/>\n\t<meta property=\"og:image:width\" content=\"500\" \/>\n\t<meta property=\"og:image:height\" content=\"500\" \/>\n\t<meta property=\"og:image:type\" content=\"image\/png\" \/>\n<meta name=\"twitter:card\" content=\"summary_large_image\" \/>\n<meta name=\"twitter:label1\" content=\"Tahmini okuma s\u00fcresi\" \/>\n\t<meta name=\"twitter:data1\" content=\"1 dakika\" \/>\n<script type=\"application\/ld+json\" class=\"yoast-schema-graph\">{\"@context\":\"https:\/\/schema.org\",\"@graph\":[{\"@type\":\"WebPage\",\"@id\":\"https:\/\/www.advancedkimya.com\/tr\/iletisim\/\",\"url\":\"https:\/\/www.advancedkimya.com\/tr\/iletisim\/\",\"name\":\"\u0130leti\u015fim - Advanced Kimya\",\"isPartOf\":{\"@id\":\"https:\/\/www.advancedkimya.com\/#website\"},\"datePublished\":\"2018-08-03T06:04:16+00:00\",\"dateModified\":\"2025-03-20T11:00:35+00:00\",\"breadcrumb\":{\"@id\":\"https:\/\/www.advancedkimya.com\/tr\/iletisim\/#breadcrumb\"},\"inLanguage\":\"tr\",\"potentialAction\":[{\"@type\":\"ReadAction\",\"target\":[\"https:\/\/www.advancedkimya.com\/tr\/iletisim\/\"]}]},{\"@type\":\"BreadcrumbList\",\"@id\":\"https:\/\/www.advancedkimya.com\/tr\/iletisim\/#breadcrumb\",\"itemListElement\":[{\"@type\":\"ListItem\",\"position\":1,\"name\":\"Home\",\"item\":\"https:\/\/www.advancedkimya.com\/tr\/\"},{\"@type\":\"ListItem\",\"position\":2,\"name\":\"\u0130leti\u015fim\"}]},{\"@type\":\"WebSite\",\"@id\":\"https:\/\/www.advancedkimya.com\/#website\",\"url\":\"https:\/\/www.advancedkimya.com\/\",\"name\":\"Advanced Kimya\",\"description\":\"\",\"publisher\":{\"@id\":\"https:\/\/www.advancedkimya.com\/#organization\"},\"potentialAction\":[{\"@type\":\"SearchAction\",\"target\":{\"@type\":\"EntryPoint\",\"urlTemplate\":\"https:\/\/www.advancedkimya.com\/?s={search_term_string}\"},\"query-input\":\"required name=search_term_string\"}],\"inLanguage\":\"tr\"},{\"@type\":\"Organization\",\"@id\":\"https:\/\/www.advancedkimya.com\/#organization\",\"name\":\"Advanced Kimya\",\"url\":\"https:\/\/www.advancedkimya.com\/\",\"logo\":{\"@type\":\"ImageObject\",\"inLanguage\":\"tr\",\"@id\":\"https:\/\/www.advancedkimya.com\/#\/schema\/logo\/image\/\",\"url\":\"https:\/\/www.advancedkimya.com\/wp-content\/uploads\/2023\/06\/ACa.png\",\"contentUrl\":\"https:\/\/www.advancedkimya.com\/wp-content\/uploads\/2023\/06\/ACa.png\",\"width\":500,\"height\":500,\"caption\":\"Advanced Kimya\"},\"image\":{\"@id\":\"https:\/\/www.advancedkimya.com\/#\/schema\/logo\/image\/\"},\"sameAs\":[\"https:\/\/www.linkedin.com\/company\/advanced-kimya\/\"]}]}<\/script>\n<!-- \/ Yoast SEO plugin. -->","yoast_head_json":{"title":"\u0130leti\u015fim - Advanced Kimya","robots":{"index":"index","follow":"follow","max-snippet":"max-snippet:-1","max-image-preview":"max-image-preview:large","max-video-preview":"max-video-preview:-1"},"canonical":"https:\/\/www.advancedkimya.com\/tr\/iletisim\/","og_locale":"tr_TR","og_type":"article","og_title":"\u0130leti\u015fim - Advanced Kimya","og_description":"[vc_row ts_responsive_css=&#8221;32545271|colbreak_no|||||||||colbreak_yes|||||||||colbreak_no||||||||||colbreak_no|||||||||&#8221;][vc_column width=&#8221;3\/5&#8243;][vc_column_text css=&#8221;.vc_custom_1686655158818{margin-bottom: 45px !important;}&#8221;]Talep ve bilgilendirme i\u00e7in ileti\u015fim bilgilerimiz \u00fczerinden irtibata ge\u00e7ebilir veya ileti\u015fim formu \u00fczerinden talebinizi iletebilirsiniz.[\/vc_column_text][vc_row_inner css=&#8221;.vc_custom_1535192611352{padding-bottom: 40px !important;}&#8221; ts_responsive_css=&#8221;91998936|colbreak_no|||||||||colbreak_no|||||||||colbreak_no|||||||0|||colbreak_no|||||||||&#8221;][vc_column_inner width=&#8221;1\/2&#8243; css=&#8221;.vc_custom_1688733232648{padding-right: 3px !important;}&#8221;][\/vc_column_inner][vc_column_inner width=&#8221;1\/2&#8243; ts_responsive_css=&#8221;23663167|colbreak_no|||||||||colbreak_no|||||||||colbreak_no|||||30||30|||colbreak_no|||||||||&#8221;][\/vc_column_inner][\/vc_row_inner][vc_row_inner][vc_column_inner width=&#8221;1\/2&#8243; ts_responsive_css=&#8221;88144758|colbreak_no|||||||||colbreak_no|||||||||colbreak_no|||||||30|||colbreak_no|||||||||&#8221; css=&#8221;.vc_custom_1688733218050{padding-right: 3px !important;}&#8221;][\/vc_column_inner][vc_column_inner width=&#8221;1\/2&#8243; ts_responsive_css=&#8221;44622014|colbreak_no|||||||||colbreak_no|||||||||colbreak_no|||||||50|||colbreak_no|||||||||&#8221;][\/vc_column_inner][\/vc_row_inner][\/vc_column][vc_column width=&#8221;2\/5&#8243; ts_responsive_css=&#8221;80978663|colbreak_no|||||||||colbreak_no|||||50||||colbreak_no||||||||||colbreak_no|||||||||&#8221;][\/vc_column][\/vc_row][vc_row full_width=&#8221;stretch_row_content_no_spaces&#8221; css=&#8221;.vc_custom_1686655414272{padding-bottom: 0px !important;}&#8221;][vc_column css=&#8221;.vc_custom_1533528127280{padding-top: 0px !important;}&#8221;][vc_raw_html]JTNDaWZyYW1lJTIwc3JjJTNEJTIyaHR0cHMlM0ElMkYlMkZ3d3cuZ29vZ2xlLmNvbSUyRm1hcHMlMkZlbWJlZCUzRnBiJTNEJTIxMW0xOCUyMTFtMTIlMjExbTMlMjExZDMwMDYuOTYyNjAzNDAxNzA0JTIxMmQyOC41OTM5MTA5NzU2Nzg5NTYlMjEzZDQxLjA5MTY2MzcxNDI4NjglMjEybTMlMjExZjAlMjEyZjAlMjEzZjAlMjEzbTIlMjExaTEwMjQlMjEyaTc2OCUyMTRmMTMuMSUyMTNtMyUyMTFtMiUyMTFzMHgxNGI1NTkxZGM2M2JlNmQ1JTI1M0EweDczMmY3NDU4YmQ2NTIwMGUlMjEyeldVWEZuc1N3VEZsQlMwRWdUVVZUUVNCT1ZWSlBUQ0JaUmNXZXhMQk1XVUZMUVNCVFZTQkZWa3hGVXNTdyUyMTVlMCUyMTNtMiUyMTFzZW4lMjEyc3RyJTIxNHYxNzI5ODQ3NjczMTAwJTIxNW0yJTIxMXNlbiUyMTJzdHIlMjIlMjB3aWR0aCUzRCUyMjYwMCUyMiUyMGhlaWdodCUzRCUyMjQ1MCUyMiUyMHN0eWxlJTNEJTIyYm9yZGVyJTNBMCUzQiUyMiUyMGFsbG93ZnVsbHNjcmVlbiUzRCUyMiUyMiUyMGxvYWRpbmclM0QlMjJsYXp5JTIyJTIwcmVmZXJyZXJwb2xpY3klM0QlMjJuby1yZWZlcnJlci13aGVuLWRvd25ncmFkZSUyMiUzRSUzQyUyRmlmcmFtZSUzRQ==[\/vc_raw_html][\/vc_column][\/vc_row]","og_url":"https:\/\/www.advancedkimya.com\/tr\/iletisim\/","og_site_name":"Advanced Kimya","article_modified_time":"2025-03-20T11:00:35+00:00","og_image":[{"width":500,"height":500,"url":"https:\/\/www.advancedkimya.com\/wp-content\/uploads\/2023\/06\/ACa.png","type":"image\/png"}],"twitter_card":"summary_large_image","twitter_misc":{"Tahmini okuma s\u00fcresi":"1 dakika"},"schema":{"@context":"https:\/\/schema.org","@graph":[{"@type":"WebPage","@id":"https:\/\/www.advancedkimya.com\/tr\/iletisim\/","url":"https:\/\/www.advancedkimya.com\/tr\/iletisim\/","name":"\u0130leti\u015fim - Advanced Kimya","isPartOf":{"@id":"https:\/\/www.advancedkimya.com\/#website"},"datePublished":"2018-08-03T06:04:16+00:00","dateModified":"2025-03-20T11:00:35+00:00","breadcrumb":{"@id":"https:\/\/www.advancedkimya.com\/tr\/iletisim\/#breadcrumb"},"inLanguage":"tr","potentialAction":[{"@type":"ReadAction","target":["https:\/\/www.advancedkimya.com\/tr\/iletisim\/"]}]},{"@type":"BreadcrumbList","@id":"https:\/\/www.advancedkimya.com\/tr\/iletisim\/#breadcrumb","itemListElement":[{"@type":"ListItem","position":1,"name":"Home","item":"https:\/\/www.advancedkimya.com\/tr\/"},{"@type":"ListItem","position":2,"name":"\u0130leti\u015fim"}]},{"@type":"WebSite","@id":"https:\/\/www.advancedkimya.com\/#website","url":"https:\/\/www.advancedkimya.com\/","name":"Advanced Kimya","description":"","publisher":{"@id":"https:\/\/www.advancedkimya.com\/#organization"},"potentialAction":[{"@type":"SearchAction","target":{"@type":"EntryPoint","urlTemplate":"https:\/\/www.advancedkimya.com\/?s={search_term_string}"},"query-input":"required name=search_term_string"}],"inLanguage":"tr"},{"@type":"Organization","@id":"https:\/\/www.advancedkimya.com\/#organization","name":"Advanced Kimya","url":"https:\/\/www.advancedkimya.com\/","logo":{"@type":"ImageObject","inLanguage":"tr","@id":"https:\/\/www.advancedkimya.com\/#\/schema\/logo\/image\/","url":"https:\/\/www.advancedkimya.com\/wp-content\/uploads\/2023\/06\/ACa.png","contentUrl":"https:\/\/www.advancedkimya.com\/wp-content\/uploads\/2023\/06\/ACa.png","width":500,"height":500,"caption":"Advanced Kimya"},"image":{"@id":"https:\/\/www.advancedkimya.com\/#\/schema\/logo\/image\/"},"sameAs":["https:\/\/www.linkedin.com\/company\/advanced-kimya\/"]}]}},"_links":{"self":[{"href":"https:\/\/www.advancedkimya.com\/tr\/wp-json\/wp\/v2\/pages\/93"}],"collection":[{"href":"https:\/\/www.advancedkimya.com\/tr\/wp-json\/wp\/v2\/pages"}],"about":[{"href":"https:\/\/www.advancedkimya.com\/tr\/wp-json\/wp\/v2\/types\/page"}],"author":[{"embeddable":true,"href":"https:\/\/www.advancedkimya.com\/tr\/wp-json\/wp\/v2\/users\/1"}],"replies":[{"embeddable":true,"href":"https:\/\/www.advancedkimya.com\/tr\/wp-json\/wp\/v2\/comments?post=93"}],"version-history":[{"count":20,"href":"https:\/\/www.advancedkimya.com\/tr\/wp-json\/wp\/v2\/pages\/93\/revisions"}],"predecessor-version":[{"id":1434,"href":"https:\/\/www.advancedkimya.com\/tr\/wp-json\/wp\/v2\/pages\/93\/revisions\/1434"}],"wp:attachment":[{"href":"https:\/\/www.advancedkimya.com\/tr\/wp-json\/wp\/v2\/media?parent=93"}],"curies":[{"name":"wp","href":"https:\/\/api.w.org\/{rel}","templated":true}]}}